{"id":301,"date":"2024-07-26T15:26:10","date_gmt":"2024-07-26T13:26:10","guid":{"rendered":"https:\/\/ristorantexier3.it\/?page_id=301"},"modified":"2025-12-28T21:37:06","modified_gmt":"2025-12-28T20:37:06","slug":"homepage-under","status":"publish","type":"page","link":"https:\/\/ristorantexier3.it\/","title":{"rendered":"&#8212; Homepage UNDER"},"content":{"rendered":"<div class=\"wpb-content-wrapper\"><p>[vc_row css=&#8221;.vc_custom_1726580699869{margin-top: 0px !important;margin-bottom: 0px !important;padding-top: 0px !important;padding-bottom: 0px !important;}&#8221;][vc_column]<div class=\"tlg-spacer\" data-height=\"1\" data-height-tablet=\"1\" data-height-mobile=\"120\" style=\"clear:both;display:block;height:1px;\"><\/div>\n\t\t\t<!-- START il ciliegino 3 foto REVOLUTION SLIDER 6.7.9 --><p class=\"rs-p-wp-fix\"><\/p>\n\t\t\t<rs-module-wrap id=\"rev_slider_2_1_wrapper\" data-source=\"gallery\" style=\"visibility:hidden;background:transparent;padding:0;margin:0px auto;margin-top:0;margin-bottom:0;\">\n\t\t\t\t<rs-module id=\"rev_slider_2_1\" style=\"\" data-version=\"6.7.9\">\n\t\t\t\t\t<rs-slides style=\"overflow: hidden; position: absolute;\">\n\t\t\t\t\t\t<rs-slide style=\"position: absolute;\" data-key=\"rs-4\" data-title=\"Slide\" data-thumb=\"\/\/ristorantexier3.it\/wp-content\/uploads\/2025\/03\/unnamed3-50x100.jpg\" data-duration=\"4000ms\" data-anim=\"ms:3020;\" data-in=\"o:0;\">\n\t\t\t\t\t\t\t<img decoding=\"async\" src=\"\/\/ristorantexier3.it\/wp-content\/plugins\/revslider\/sr6\/assets\/assets\/dummy.png\" alt=\"\" title=\"unnamed3\" width=\"1360\" height=\"1020\" class=\"rev-slidebg tp-rs-img rs-lazyload\" data-lazyload=\"\/\/ristorantexier3.it\/wp-content\/uploads\/2025\/03\/unnamed3.jpg\" data-no-retina>\n<!--\n\t\t\t\t\t\t\t--><a\n\t\t\t\t\t\t\t\tid=\"slider-2-slide-4-layer-0\" \n\t\t\t\t\t\t\t\tclass=\"rs-layer\"\n\t\t\t\t\t\t\t\thref=\"https:\/\/ristorantexier3.it\/\" target=\"_self\"\n\t\t\t\t\t\t\t\tdata-type=\"image\"\n\t\t\t\t\t\t\t\tdata-rsp_ch=\"on\"\n\t\t\t\t\t\t\t\tdata-xy=\"x:c;yo:14px,14px,14px,4px;\"\n\t\t\t\t\t\t\t\tdata-text=\"w:normal;s:20,20,20,7;l:0,0,0,9;\"\n\t\t\t\t\t\t\t\tdata-dim=\"w:201px,201px,201px,116px;h:212px,212px,212px,116px;\"\n\t\t\t\t\t\t\t\tdata-actions='o:click;a:menulink;target:_self;url:https:\/\/ristorantexier3.it\/;sp:300;e:none;'\n\t\t\t\t\t\t\t\tdata-frame_999=\"o:0;st:w;\"\n\t\t\t\t\t\t\t\tstyle=\"z-index:5;\"\n\t\t\t\t\t\t\t><img decoding=\"async\" src=\"\/\/ristorantexier3.it\/wp-content\/plugins\/revslider\/sr6\/assets\/assets\/dummy.png\" alt=\"\" class=\"tp-rs-img rs-lazyload\" width=\"347\" height=\"366\" data-lazyload=\"\/\/ristorantexier3.it\/wp-content\/uploads\/2025\/03\/1-logo OK piccolo.png\" data-no-retina> \n\t\t\t\t\t\t\t<\/a><!--\n-->\t\t\t\t\t<\/rs-slide>\n\t\t\t\t\t\t<rs-slide style=\"position: absolute;\" data-key=\"rs-5\" data-title=\"Slide\" data-thumb=\"\/\/ristorantexier3.it\/wp-content\/uploads\/2025\/03\/2021-09-13546476-50x100.jpg\" data-duration=\"4000ms\" data-anim=\"ms:3040;\" data-in=\"o:0;\" data-out=\"a:false;\">\n\t\t\t\t\t\t\t<img decoding=\"async\" src=\"\/\/ristorantexier3.it\/wp-content\/plugins\/revslider\/sr6\/assets\/assets\/dummy.png\" alt=\"\" title=\"2021-09-13546476\" width=\"1360\" height=\"1020\" class=\"rev-slidebg tp-rs-img rs-lazyload\" data-lazyload=\"\/\/ristorantexier3.it\/wp-content\/uploads\/2025\/03\/2021-09-13546476.jpg\" data-no-retina>\n<!--\n\t\t\t\t\t\t\t--><a\n\t\t\t\t\t\t\t\tid=\"slider-2-slide-5-layer-1\" \n\t\t\t\t\t\t\t\tclass=\"rs-layer\"\n\t\t\t\t\t\t\t\thref=\"https:\/\/ristorantexier3.it\/\" target=\"_self\"\n\t\t\t\t\t\t\t\tdata-type=\"image\"\n\t\t\t\t\t\t\t\tdata-rsp_ch=\"on\"\n\t\t\t\t\t\t\t\tdata-xy=\"x:c;yo:14px,14px,14px,4px;\"\n\t\t\t\t\t\t\t\tdata-text=\"w:normal;s:20,20,20,7;l:0,0,0,9;\"\n\t\t\t\t\t\t\t\tdata-dim=\"w:201px,201px,201px,116px;h:212px,212px,212px,116px;\"\n\t\t\t\t\t\t\t\tdata-actions='o:click;a:menulink;target:_self;url:https:\/\/ristorantexier3.it\/;sp:300;e:none;'\n\t\t\t\t\t\t\t\tdata-frame_999=\"o:0;st:w;\"\n\t\t\t\t\t\t\t\tstyle=\"z-index:5;\"\n\t\t\t\t\t\t\t><img decoding=\"async\" src=\"\/\/ristorantexier3.it\/wp-content\/plugins\/revslider\/sr6\/assets\/assets\/dummy.png\" alt=\"\" class=\"tp-rs-img rs-lazyload\" width=\"347\" height=\"366\" data-lazyload=\"\/\/ristorantexier3.it\/wp-content\/uploads\/2025\/03\/1-logo OK piccolo.png\" data-no-retina> \n\t\t\t\t\t\t\t<\/a><!--\n\n\t\t\t\t\t\t\t--><rs-layer\n\t\t\t\t\t\t\t\tid=\"slider-2-slide-5-layer-4\" \n\t\t\t\t\t\t\t\tdata-type=\"image\"\n\t\t\t\t\t\t\t\tdata-rsp_ch=\"on\"\n\t\t\t\t\t\t\t\tdata-xy=\"x:c;yo:14px,14px,14px,4px;\"\n\t\t\t\t\t\t\t\tdata-text=\"w:normal;s:20,20,20,7;l:0,0,0,9;\"\n\t\t\t\t\t\t\t\tdata-dim=\"w:201px,201px,201px,116px;h:212px,212px,212px,116px;\"\n\t\t\t\t\t\t\t\tdata-frame_999=\"o:0;st:w;\"\n\t\t\t\t\t\t\t\tstyle=\"z-index:5;\"\n\t\t\t\t\t\t\t><img decoding=\"async\" src=\"\/\/ristorantexier3.it\/wp-content\/plugins\/revslider\/sr6\/assets\/assets\/dummy.png\" alt=\"\" class=\"tp-rs-img rs-lazyload\" width=\"347\" height=\"366\" data-lazyload=\"\/\/ristorantexier3.it\/wp-content\/uploads\/2025\/03\/1-logo OK piccolo.png\" data-no-retina> \n\t\t\t\t\t\t\t<\/rs-layer><!--\n-->\t\t\t\t\t<\/rs-slide>\n\t\t\t\t\t\t<rs-slide style=\"position: absolute;\" data-key=\"rs-7\" data-title=\"Slide\" data-thumb=\"\/\/ristorantexier3.it\/wp-content\/uploads\/2025\/03\/2022-fhfgh-21-50x100.jpg\" data-duration=\"4000ms\" data-anim=\"ms:3040;\" data-in=\"o:0;\" data-out=\"a:false;\">\n\t\t\t\t\t\t\t<img decoding=\"async\" src=\"\/\/ristorantexier3.it\/wp-content\/plugins\/revslider\/sr6\/assets\/assets\/dummy.png\" alt=\"\" title=\"2022-fhfgh-21\" width=\"1360\" height=\"1020\" class=\"rev-slidebg tp-rs-img rs-lazyload\" data-lazyload=\"\/\/ristorantexier3.it\/wp-content\/uploads\/2025\/03\/2022-fhfgh-21.jpg\" data-no-retina>\n<!--\n\t\t\t\t\t\t\t--><a\n\t\t\t\t\t\t\t\tid=\"slider-2-slide-7-layer-2\" \n\t\t\t\t\t\t\t\tclass=\"rs-layer\"\n\t\t\t\t\t\t\t\thref=\"https:\/\/ristorantexier3.it\/\" target=\"_self\"\n\t\t\t\t\t\t\t\tdata-type=\"image\"\n\t\t\t\t\t\t\t\tdata-rsp_ch=\"on\"\n\t\t\t\t\t\t\t\tdata-xy=\"x:c;yo:14px,14px,14px,4px;\"\n\t\t\t\t\t\t\t\tdata-text=\"w:normal;s:20,20,20,7;l:0,0,0,9;\"\n\t\t\t\t\t\t\t\tdata-dim=\"w:201px,201px,201px,116px;h:212px,212px,212px,116px;\"\n\t\t\t\t\t\t\t\tdata-actions='o:click;a:menulink;target:_self;url:https:\/\/ristorantexier3.it\/;sp:300;e:none;'\n\t\t\t\t\t\t\t\tdata-frame_999=\"o:0;st:w;\"\n\t\t\t\t\t\t\t\tstyle=\"z-index:5;\"\n\t\t\t\t\t\t\t><img decoding=\"async\" src=\"\/\/ristorantexier3.it\/wp-content\/plugins\/revslider\/sr6\/assets\/assets\/dummy.png\" alt=\"\" class=\"tp-rs-img rs-lazyload\" width=\"347\" height=\"366\" data-lazyload=\"\/\/ristorantexier3.it\/wp-content\/uploads\/2025\/03\/1-logo OK piccolo.png\" data-no-retina> \n\t\t\t\t\t\t\t<\/a><!--\n-->\t\t\t\t\t<\/rs-slide>\n\t\t\t\t\t\t<rs-slide style=\"position: absolute;\" data-key=\"rs-22\" data-title=\"Slide\" data-thumb=\"\/\/ristorantexier3.it\/wp-content\/uploads\/2025\/03\/unnamed5-50x100.jpg\" data-duration=\"4000ms\" data-anim=\"ms:3040;\" data-in=\"o:0;\" data-out=\"a:false;\">\n\t\t\t\t\t\t\t<img decoding=\"async\" src=\"\/\/ristorantexier3.it\/wp-content\/plugins\/revslider\/sr6\/assets\/assets\/dummy.png\" alt=\"\" title=\"unnamed5\" width=\"1360\" height=\"1020\" class=\"rev-slidebg tp-rs-img rs-lazyload\" data-lazyload=\"\/\/ristorantexier3.it\/wp-content\/uploads\/2025\/03\/unnamed5.jpg\" data-no-retina>\n<!--\n\t\t\t\t\t\t\t--><a\n\t\t\t\t\t\t\t\tid=\"slider-2-slide-22-layer-3\" \n\t\t\t\t\t\t\t\tclass=\"rs-layer\"\n\t\t\t\t\t\t\t\thref=\"https:\/\/ristorantexier3.it\/\" target=\"_self\"\n\t\t\t\t\t\t\t\tdata-type=\"image\"\n\t\t\t\t\t\t\t\tdata-rsp_ch=\"on\"\n\t\t\t\t\t\t\t\tdata-xy=\"x:c;yo:14px,14px,14px,4px;\"\n\t\t\t\t\t\t\t\tdata-text=\"w:normal;s:20,20,20,7;l:0,0,0,9;\"\n\t\t\t\t\t\t\t\tdata-dim=\"w:201px,201px,201px,116px;h:212px,212px,212px,116px;\"\n\t\t\t\t\t\t\t\tdata-actions='o:click;a:menulink;target:_self;url:https:\/\/ristorantexier3.it\/;sp:300;e:none;'\n\t\t\t\t\t\t\t\tdata-frame_999=\"o:0;st:w;\"\n\t\t\t\t\t\t\t\tstyle=\"z-index:5;\"\n\t\t\t\t\t\t\t><img decoding=\"async\" src=\"\/\/ristorantexier3.it\/wp-content\/plugins\/revslider\/sr6\/assets\/assets\/dummy.png\" alt=\"\" class=\"tp-rs-img rs-lazyload\" width=\"347\" height=\"366\" data-lazyload=\"\/\/ristorantexier3.it\/wp-content\/uploads\/2025\/03\/1-logo OK piccolo.png\" data-no-retina> \n\t\t\t\t\t\t\t<\/a><!--\n-->\t\t\t\t\t<\/rs-slide>\n\t\t\t\t\t<\/rs-slides>\n\t\t\t\t\t<rs-static-layers><!--\n\t\t\t\t\t--><\/rs-static-layers>\n\t\t\t\t<\/rs-module>\n\t\t\t\t<script>\n\t\t\t\t\tsetREVStartSize({c: 'rev_slider_2_1',rl:[1240,1240,1240,480],el:[899.985,899.985,899.985,719],gw:[1240,1240,1240,480],gh:[900,900,900,720],type:'standard',justify:'',layout:'fullwidth',mh:\"0\"});if (window.RS_MODULES!==undefined && window.RS_MODULES.modules!==undefined && window.RS_MODULES.modules[\"revslider21\"]!==undefined) {window.RS_MODULES.modules[\"revslider21\"].once = false;window.revapi2 = undefined;if (window.RS_MODULES.checkMinimal!==undefined) window.RS_MODULES.checkMinimal()}\n\t\t\t\t<\/script>\n\t\t\t<\/rs-module-wrap>\n\t\t\t<!-- END REVOLUTION SLIDER -->\n[\/vc_column][\/vc_row][vc_row full_width=&#8221;stretch_row&#8221; tlg_white_color=&#8221;color-white&#8221; tlg_parallax=&#8221;not-parallax&#8221; el_class=&#8221;bordo_sito&#8221; css=&#8221;.vc_custom_1741947411314{background-color: #000000 !important;background-position: 0 0 !important;background-repeat: repeat !important;}&#8221;][vc_column]<div class=\"tlg-spacer\" data-height=\"120\" data-height-tablet=\"100\" data-height-mobile=\"50\" style=\"clear:both;display:block;height:120px;\"><\/div>[vc_row_inner][vc_column_inner width=&#8221;1\/2&#8243;]<div class=\"tlg-spacer\" data-height=\"0\" data-height-tablet=\"0\" data-height-mobile=\"20\" style=\"clear:both;display:block;height:0px;\"><\/div>[vc_column_text css=&#8221;&#8221;]<\/p>\n<h2 style=\"text-align: center;\"><strong>PRANZO<\/strong><\/h2>\n<p style=\"text-align: center;\">dal luned\u00ec al venerd\u00ec<strong> \u20ac 12,90<\/strong> (bambini* \u20ac 8,00)<br \/>\nsabato <strong>\u20ac 19,90<\/strong> (bambini* \u20ac 11,90)<br \/>\ndomenica e festivi <strong>\u20ac 19,90<\/strong> (bambini* \u20ac 11,90)<\/p>\n<p>&nbsp;<\/p>\n<h2 style=\"text-align: center;\"><strong>CENA<\/strong><\/h2>\n<p style=\"text-align: center;\">dal luned\u00ec al gioved\u00ec<strong> \u20ac 22,90<\/strong> (bambini* \u20ac 11,90)<br \/>\nvenerd\u00ec, sabato, domenica e festivi<strong> \u20ac 24,90<\/strong> (bambini* \u20ac 11,90)<\/p>\n<p>[\/vc_column_text][vc_column_text css=&#8221;&#8221;]<\/p>\n<p style=\"text-align: center;\">tutti i prezzi si intendono : compreso coperto &#8211; bevande escluse<br \/>\n* bambini fino a cm 130 di altezza<\/p>\n<p style=\"text-align: center;\">Il ristorante \u00e8 aperto tutti i giorni dalle<br \/>\n12.00 alle 15.00 e dalle 19.00 alle 23.00.<\/p>\n<h4 style=\"text-align: center;\">CHIUSO IL MARTEDI&#8217;<\/h4>\n<p style=\"text-align: center;\"><em>In occasione di feste o serate speciali, il prezzo potr\u00e0 variare e sar\u00e0<\/em><br \/>\n<em>quello indicato all\u2019ingresso del locale<\/em><\/p>\n<p style=\"text-align: center;\">Per prenotazioni o informazioni puoi chiamare il numero 02 45864221.<\/p>\n<p>[\/vc_column_text]<div class=\"tlg-spacer\" data-height=\"0\" data-height-tablet=\"0\" data-height-mobile=\"20\" style=\"clear:both;display:block;height:0px;\"><\/div>[\/vc_column_inner][vc_column_inner width=&#8221;1\/2&#8243;][vc_single_image image=&#8221;816&#8243; img_size=&#8221;full&#8221; onclick=&#8221;custom_link&#8221; css=&#8221;&#8221; el_class=&#8221;foto_sito&#8221;][vc_single_image image=&#8221;855&#8243; img_size=&#8221;full&#8221; alignment=&#8221;center&#8221; onclick=&#8221;custom_link&#8221; img_link_target=&#8221;_blank&#8221; css=&#8221;&#8221; link=&#8221;https:\/\/ristorantexier3.it\/wp-content\/uploads\/2025\/11\/XIER-allergeni.pdf&#8221;][\/vc_column_inner][\/vc_row_inner][\/vc_column][\/vc_row][vc_row full_width=&#8221;stretch_row&#8221; tlg_white_color=&#8221;color-white&#8221; tlg_parallax=&#8221;not-parallax&#8221; el_class=&#8221;bordo_sito&#8221; css=&#8221;.vc_custom_1741947440682{background-color: #000000 !important;background-position: 0 0 !important;background-repeat: repeat !important;}&#8221;][vc_column]<div class=\"tlg-spacer\" data-height=\"120\" data-height-tablet=\"100\" data-height-mobile=\"50\" style=\"clear:both;display:block;height:120px;\"><\/div>[vc_row_inner][vc_column_inner width=&#8221;1\/6&#8243;][vc_column_text css=&#8221;&#8221; el_class=&#8221;titolo&#8221;]Festivit\u00e0 2025[\/vc_column_text]<div class=\"tlg-spacer\" data-height=\"0\" data-height-tablet=\"0\" data-height-mobile=\"20\" style=\"clear:both;display:block;height:0px;\"><\/div>[\/vc_column_inner][vc_column_inner width=&#8221;3\/6&#8243;]<div class=\"tlg-spacer\" data-height=\"0\" data-height-tablet=\"0\" data-height-mobile=\"20\" style=\"clear:both;display:block;height:0px;\"><\/div>[vc_column_text css=&#8221;&#8221; el_class=&#8221;testo&#8221;]<\/p>\n<div style=\"color: #000;\">\n<p data-start=\"247\" data-end=\"502\"><strong data-start=\"247\" data-end=\"281\">Le nostre Feste\u2026 a volont\u00e0!\u00a0<\/strong><br data-start=\"281\" data-end=\"284\" \/>Festeggia le festivit\u00e0 nel calore della nostra cucina, senza limiti! Per Natale e Capodanno, ti aspettiamo con proposte all you can eat pensate per deliziare ogni palato con sapori autentici e ingredienti di qualit\u00e0.<\/p>\n<p data-start=\"504\" data-end=\"689\"><strong data-start=\"504\" data-end=\"525\">Natale a volont\u00e0:<\/strong><br data-start=\"525\" data-end=\"528\" \/>Assapora antipasti, primi e secondi piatti ricchi di tradizione, contorni sfiziosi e dolci natalizi fatti in casa\u2026 tutto quello che vuoi, tutto quello che ami!<\/p>\n<p data-start=\"691\" data-end=\"914\"><strong data-start=\"691\" data-end=\"719\">Capodanno senza confini:<\/strong><br data-start=\"719\" data-end=\"722\" \/>Inizia il nuovo anno con un\u2019esperienza culinaria speciale! Portate ricercate, abbinamenti unici e un brindisi finale per salutare il 2025 in grande stile, assaggiando tutto ci\u00f2 che desideri.<\/p>\n<p data-start=\"916\" data-end=\"1098\">Un\u2019atmosfera accogliente e un servizio impeccabile renderanno le tue serate indimenticabili. Prenota subito il tuo tavolo e vivi momenti di festa senza limiti insieme ai tuoi cari.<\/p>\n<\/div>\n<p>[\/vc_column_text]<div class=\"tlg-spacer\" data-height=\"50\" data-height-tablet=\"50\" data-height-mobile=\"20\" style=\"clear:both;display:block;height:50px;\"><\/div>[\/vc_column_inner][vc_column_inner width=&#8221;2\/6&#8243;][vc_single_image image=&#8221;865&#8243; img_size=&#8221;full&#8221; onclick=&#8221;link_image&#8221; css=&#8221;&#8221; el_class=&#8221;foto_sito&#8221;][\/vc_column_inner][\/vc_row_inner][\/vc_column][\/vc_row][vc_row full_width=&#8221;stretch_row&#8221; tlg_white_color=&#8221;color-white&#8221; tlg_parallax=&#8221;not-parallax&#8221; el_class=&#8221;bordo_sito&#8221; css=&#8221;.vc_custom_1741947440682{background-color: #000000 !important;background-position: 0 0 !important;background-repeat: repeat !important;}&#8221;][vc_column]<div class=\"tlg-spacer\" data-height=\"120\" data-height-tablet=\"100\" data-height-mobile=\"50\" style=\"clear:both;display:block;height:120px;\"><\/div>[vc_row_inner][vc_column_inner width=&#8221;1\/6&#8243;][vc_column_text css=&#8221;&#8221; el_class=&#8221;titolo&#8221;]Chi Siamo[\/vc_column_text]<div class=\"tlg-spacer\" data-height=\"0\" data-height-tablet=\"0\" data-height-mobile=\"20\" style=\"clear:both;display:block;height:0px;\"><\/div>[\/vc_column_inner][vc_column_inner width=&#8221;3\/6&#8243;]<div class=\"tlg-spacer\" data-height=\"0\" data-height-tablet=\"0\" data-height-mobile=\"20\" style=\"clear:both;display:block;height:0px;\"><\/div>[vc_column_text css=&#8221;&#8221; el_class=&#8221;testo&#8221;]<\/p>\n<div style=\"color: #000;\">\n<p>Se cerchi un luogo dove le specialit\u00e0 si uniscono alle ricette tradizionali a un prezzo imbattibile,<strong> Xier3<\/strong> \u00e8 il posto giusto per te!<\/p>\n<p>Situato a Cesano Boscone, il nostro ristorante \u00e8 un punto di riferimento per gli amanti della buona cucina. Ogni giorno,<strong> Xier3<\/strong> ti accoglie in un viaggio gastronomico in cui le tradizioni culinarie italiana, giapponese, cinese e brasiliana si fondono per offrirti un\u2019esperienza unica, da concederti ogni volta che vuoi.<\/p>\n<p>Grazie alla formula all you can eat, puoi gustare senza limiti tutti i nostri piatti a un prezzo fisso. Ogni portata \u00e8 preparata con ingredienti freschi e di alta qualit\u00e0, per garantirti sapori autentici e ricchi di gusto.<\/p>\n<p>Per assaporare le nostre specialit\u00e0 dove preferisci, offriamo anche un comodo servizio di take away. Inoltre, la cortesia del nostro personale render\u00e0 i tuoi pranzi e le tue serate ancora pi\u00f9 piacevoli!<\/p>\n<\/div>\n<p>[\/vc_column_text]<div class=\"tlg-spacer\" data-height=\"50\" data-height-tablet=\"50\" data-height-mobile=\"20\" style=\"clear:both;display:block;height:50px;\"><\/div>[\/vc_column_inner][vc_column_inner width=&#8221;2\/6&#8243;][vc_single_image image=&#8221;788&#8243; img_size=&#8221;full&#8221; onclick=&#8221;custom_link&#8221; css=&#8221;&#8221; el_class=&#8221;foto_sito&#8221;][\/vc_column_inner][\/vc_row_inner][\/vc_column][\/vc_row][vc_row full_width=&#8221;stretch_row&#8221; tlg_white_color=&#8221;color-white&#8221; el_class=&#8221;bordo_sito&#8221; css=&#8221;.vc_custom_1741947450164{background-color: #000000 !important;background-position: 0 0 !important;background-repeat: repeat !important;}&#8221;][vc_column]<div class=\"tlg-spacer\" data-height=\"0\" data-height-tablet=\"0\" data-height-mobile=\"50\" style=\"clear:both;display:block;height:0px;\"><\/div>[vc_row_inner][vc_column_inner width=&#8221;1\/6&#8243;][vc_column_text css=&#8221;&#8221; el_class=&#8221;titolo&#8221;]Dove siamo[\/vc_column_text]<div class=\"tlg-spacer\" data-height=\"0\" data-height-tablet=\"0\" data-height-mobile=\"20\" style=\"clear:both;display:block;height:0px;\"><\/div>[\/vc_column_inner][vc_column_inner width=&#8221;5\/6&#8243;]<div class=\"tlg-spacer\" data-height=\"0\" data-height-tablet=\"0\" data-height-mobile=\"20\" style=\"clear:both;display:block;height:0px;\"><\/div>[vc_column_text css=&#8221;&#8221; el_class=&#8221;foto_sito&#8221;]<iframe loading=\"lazy\" style=\"border: 0;\" src=\"https:\/\/www.google.com\/maps\/embed?pb=!1m18!1m12!1m3!1d2286.900628173265!2d9.098898678863117!3d45.44383617719544!2m3!1f0!2f0!3f0!3m2!1i1024!2i768!4f13.1!3m3!1m2!1s0x4786c26c8c7bee3f%3A0x93517c830123a080!2sVia%20Isonzo%2C%2027%2C%2020090%20Cesano%20Boscone%20MI!5e0!3m2!1sit!2sit!4v1741946650055!5m2!1sit!2sit\" width=\"100%\" height=\"550\" allowfullscreen=\"allowfullscreen\"><\/iframe>[\/vc_column_text]<div class=\"tlg-spacer\" data-height=\"0\" data-height-tablet=\"0\" data-height-mobile=\"20\" style=\"clear:both;display:block;height:0px;\"><\/div>[\/vc_column_inner][\/vc_row_inner][\/vc_column][\/vc_row][vc_row full_width=&#8221;stretch_row&#8221; tlg_parallax=&#8221;not-parallax&#8221; css=&#8221;.vc_custom_1741945278882{margin-top: 0px !important;padding-top: 0px !important;background-color: #000000 !important;background-position: center !important;background-repeat: no-repeat !important;background-size: cover !important;}&#8221; el_class=&#8221;bordo_sito&#8221;][vc_column css=&#8221;.vc_custom_1741947919063{border-top-width: 2px !important;border-top-style: solid !important;border-color: #e51c16 !important;}&#8221;][vc_row_inner el_class=&#8221;bordo_sito_footer solo_desk&#8221; css=&#8221;.vc_custom_1726560206938{margin-top: 30px !important;margin-bottom: 30px !important;}&#8221;][vc_column_inner width=&#8221;1\/3&#8243; css=&#8221;.vc_custom_1729680303930{margin-top: 0px !important;padding-top: 0px !important;}&#8221;][vc_single_image image=&#8221;761&#8243; img_size=&#8221;full&#8221; alignment=&#8221;center&#8221; css=&#8221;.vc_custom_1741944382130{margin-top: 10px !important;}&#8221;][\/vc_column_inner][vc_column_inner width=&#8221;1\/3&#8243;][vc_column_text css=&#8221;&#8221; el_class=&#8221;colore_footer&#8221;]<strong>Ristorante XIER 3 &#8211; ALL YOU CAN EAT a BUFFET<\/strong><br \/>\nVia Isonzo,27 &#8211; Cesano Boscone (MI)[\/vc_column_text][\/vc_column_inner][vc_column_inner width=&#8221;1\/3&#8243;][vc_column_text css=&#8221;&#8221; el_class=&#8221;colore_footer_telefoni&#8221;]Tel. 02.4586 4221<br \/>\n<a href=\"mailto:xier3@hotmail.com\">xier3@hotmail.com<\/a>[\/vc_column_text][\/vc_column_inner][\/vc_row_inner][vc_row_inner el_class=&#8221;bordo_sito_footer solo_cell&#8221; css=&#8221;.vc_custom_1722003245734{margin-top: 30px !important;margin-bottom: 30px !important;padding-top: 30px !important;padding-bottom: 30px !important;}&#8221;][vc_column_inner][vc_single_image image=&#8221;761&#8243; img_size=&#8221;full&#8221; alignment=&#8221;center&#8221; css=&#8221;.vc_custom_1741945080685{margin-bottom: 0px !important;padding-bottom: 0px !important;}&#8221;][vc_column_text css=&#8221;&#8221; el_class=&#8221;colore_footer&#8221;]<\/p>\n<div class=\"colore_footer\" style=\"text-align: center;\">\n<p><strong>Ristorante XIER 3<\/strong><\/p>\n<div><strong>ALL YOU CAN EAT<\/strong><\/div>\n<div><strong>a BUFFET<\/strong><\/div>\n<div>Via Isonzo,27<\/div>\n<div>Cesano Boscone (MI)<\/div>\n<div>Tel. 02.4586 4221<\/div>\n<div><a href=\"mailto:xier3@hotmail.com\">xier3@hotmail.com<\/a><\/div>\n<\/div>\n<p>[\/vc_column_text][\/vc_column_inner][\/vc_row_inner][\/vc_column][\/vc_row]<\/p>\n<\/div>","protected":false},"excerpt":{"rendered":"<p>[vc_row css=&#8221;.vc_custom_1726580699869{margin-top: 0px !important;margin-bottom: 0px !important;padding-top: 0px !important;padding-bottom: 0px !important;}&#8221;][vc_column][\/vc_column][\/vc_row][vc_row full_width=&#8221;stretch_row&#8221; tlg_white_color=&#8221;color-white&#8221; tlg_parallax=&#8221;not-parallax&#8221; el_class=&#8221;bordo_sito&#8221; css=&#8221;.vc_custom_1741947411314{background-color: #000000&#8230;<\/p>\n","protected":false},"author":1,"featured_media":0,"parent":0,"menu_order":0,"comment_status":"closed","ping_status":"closed","template":"","meta":{"footnotes":""},"class_list":["post-301","page","type-page","status-publish","hentry"],"_links":{"self":[{"href":"https:\/\/ristorantexier3.it\/index.php?rest_route=\/wp\/v2\/pages\/301","targetHints":{"allow":["GET"]}}],"collection":[{"href":"https:\/\/ristorantexier3.it\/index.php?rest_route=\/wp\/v2\/pages"}],"about":[{"href":"https:\/\/ristorantexier3.it\/index.php?rest_route=\/wp\/v2\/types\/page"}],"author":[{"embeddable":true,"href":"https:\/\/ristorantexier3.it\/index.php?rest_route=\/wp\/v2\/users\/1"}],"replies":[{"embeddable":true,"href":"https:\/\/ristorantexier3.it\/index.php?rest_route=%2Fwp%2Fv2%2Fcomments&post=301"}],"version-history":[{"count":280,"href":"https:\/\/ristorantexier3.it\/index.php?rest_route=\/wp\/v2\/pages\/301\/revisions"}],"predecessor-version":[{"id":866,"href":"https:\/\/ristorantexier3.it\/index.php?rest_route=\/wp\/v2\/pages\/301\/revisions\/866"}],"wp:attachment":[{"href":"https:\/\/ristorantexier3.it\/index.php?rest_route=%2Fwp%2Fv2%2Fmedia&parent=301"}],"curies":[{"name":"wp","href":"https:\/\/api.w.org\/{rel}","templated":true}]}}